{"id":84,"date":"2012-11-14T08:54:30","date_gmt":"2012-11-14T08:54:30","guid":{"rendered":"http:\/\/roundone.cmsmasters.net\/?page_id=84"},"modified":"2015-10-02T11:20:15","modified_gmt":"2015-10-02T09:20:15","slug":"contacts","status":"publish","type":"page","link":"https:\/\/vetlife.ba\/index.php\/contacts\/","title":{"rendered":"Lokacija"},"content":{"rendered":"<p>Vetlife se nalazi na podru\u010dju op\u0107ine Novi Grad.<\/p>\n<p>Adresa:<br \/>\nHajrudina \u0160abanije 2<br \/>\n71000 Sarajevo<br \/>\nBosna i Hercegovina<\/p>\n","protected":false},"excerpt":{"rendered":"<p>Vetlife se nalazi na podru\u010dju op\u0107ine Novi Grad. Adresa: Hajrudina \u0160abanije 2 71000 Sarajevo Bosna i Hercegovina<\/p>\n","protected":false},"author":2,"featured_media":0,"parent":0,"menu_order":5,"comment_status":"closed","ping_status":"closed","template":"","meta":{"footnotes":""},"class_list":["post-84","page","type-page","status-publish","hentry"],"_links":{"self":[{"href":"https:\/\/vetlife.ba\/index.php\/wp-json\/wp\/v2\/pages\/84","targetHints":{"allow":["GET"]}}],"collection":[{"href":"https:\/\/vetlife.ba\/index.php\/wp-json\/wp\/v2\/pages"}],"about":[{"href":"https:\/\/vetlife.ba\/index.php\/wp-json\/wp\/v2\/types\/page"}],"author":[{"embeddable":true,"href":"https:\/\/vetlife.ba\/index.php\/wp-json\/wp\/v2\/users\/2"}],"replies":[{"embeddable":true,"href":"https:\/\/vetlife.ba\/index.php\/wp-json\/wp\/v2\/comments?post=84"}],"version-history":[{"count":6,"href":"https:\/\/vetlife.ba\/index.php\/wp-json\/wp\/v2\/pages\/84\/revisions"}],"predecessor-version":[{"id":6579,"href":"https:\/\/vetlife.ba\/index.php\/wp-json\/wp\/v2\/pages\/84\/revisions\/6579"}],"wp:attachment":[{"href":"https:\/\/vetlife.ba\/index.php\/wp-json\/wp\/v2\/media?parent=84"}],"curies":[{"name":"wp","href":"https:\/\/api.w.org\/{rel}","templated":true}]}}